{"id":2169,"date":"2021-04-11T16:37:42","date_gmt":"2021-04-11T16:37:42","guid":{"rendered":"https:\/\/grabkarte.de\/beisetzungsarten-3\/"},"modified":"2023-10-24T19:42:15","modified_gmt":"2023-10-24T19:42:15","slug":"tipps","status":"publish","type":"page","link":"https:\/\/grabkarte.de\/staging\/tipps\/","title":{"rendered":"Tipps"},"content":{"rendered":"\n  \n    \n    <section class=\"u-align-center u-clearfix u-section-2\" id=\"carousel_21c2\">\n      <div class=\"u-clearfix u-sheet u-sheet-1\">\n        <h2 class=\"u-custom-font u-font-lato u-text u-text-1\">TipPs<\/h2>\n      <\/div>\n    <\/section>\n    <section class=\"u-clearfix u-section-3\" id=\"carousel_bcd8\">\n      <div class=\"u-clearfix u-sheet u-sheet-1\">\n        <div class=\"u-clearfix u-expanded-width u-layout-wrap u-layout-wrap-1\">\n          <div class=\"u-layout\">\n            <div class=\"u-layout-row\">\n              <div class=\"u-container-style u-layout-cell u-size-30 u-layout-cell-1\">\n                <div class=\"u-container-layout u-container-layout-1\">\n                  <h5 class=\"u-custom-font u-font-lato u-text u-text-custom-color-1 u-text-1\">Polizei\nbeauftragt Bestatter <\/h5>\n                  <p class=\"u-custom-font u-font-lato u-text u-text-2\">Es gibt Situationen,\nin denen die Polizei eingeschaltet wird.<br>Beispiele: Unfall mit dem Auto, bzw. generell als Verkehrsteilnehmer, Badeunfall, Suizid, Treppensturz und auch bei ungekl\u00e4rter Todesursache, wenn\nder Arzt das entsprechend im Totenschein angibt.<br>Die Polizei sollte Ihnen mitzuteilen, dass Sie nicht verpflichtet sind, die Abwicklung des Sterbefalls durch den Bestatter durchf\u00fchren zu lassen, der die Abholung durchgef\u00fchrt hat.\nOft wird Ihnen genau\ndiese Information nicht an die Hand gegeben, Sie werden im Glauben gelassen, dass Sie den Bestatter nicht frei w\u00e4hlen k\u00f6nnen.<br>\n                  <\/p>\n                  <h5 class=\"u-custom-font u-font-lato u-text u-text-custom-color-1 u-text-3\">Hausabholung<\/h5>\n                  <p class=\"u-custom-font u-font-lato u-text u-text-4\">Bei einer\nHausabholung sollten Sie nichts \u00fcberst\u00fcrzen.<br>Lassen Sie sich immer den genauen\nPreis f\u00fcr die Leistung der Abholung mitteilen, bzw. bestehen Sie auf einer\nschriftlichen Best\u00e4tigung per Mail, WhatsApp, etc.<br>Beauftragen Sie nur\ndie Abholung und lassen Sie sich daf\u00fcr auch den Preis geben und best\u00e4tigen! Kl\u00e4ren Sie schnellstens,&nbsp; was eine Bestattung nach\nIhren W\u00fcnschen kostet.&nbsp;<br>\n                  <\/p>\n                  <h5 class=\"u-custom-font u-font-lato u-text u-text-custom-color-1 u-text-5\">Fr\u00fchzeitig informieren<\/h5>\n                  <p class=\"u-custom-font u-font-lato u-text u-text-6\">Nehmen\nSie sich lieber heute als morgen die Zeit, sich \u00fcber die M\u00f6glichkeiten\nausreichend zu informieren, dann m\u00fcssen Sie hinterher nicht sagen:<br>\"Wenn\nich das alles vorher gewusst h\u00e4tte, dann w\u00e4re mir das nicht passiert!\"\n                  <\/p>\n                <\/div>\n              <\/div>\n              <div class=\"u-container-style u-layout-cell u-palette-1-base u-size-30 u-layout-cell-2\">\n                <div class=\"u-container-layout u-container-layout-2\">\n                  <h4 class=\"u-align-center u-custom-font u-font-lato u-text u-text-7\">\n                    <span style=\"font-size: 1.875rem;\">Notfall: 365 Tage \/ 24 Stunden<\/span>\n                    <br>\n                    <span style=\"font-size: 2.25rem; font-weight: 700;\">0152 - 540 17 100<\/span>\n                  <\/h4>\n                  <div class=\"u-border-3 u-border-palette-1-dark-1 u-line u-line-horizontal u-line-1\"><\/div>\n                  <img decoding=\"async\" src=\"https:\/\/grabkarte.de\/staging\/wp-content\/uploads\/2021\/06\/0b28db1dbfd0f582c0e20361a15ef88218b1a23a8d720f9b2f91bd2d92828aa0bcfe2c5acfcd9d8288d47f66ad1ae3172302bd18df722c0453c121_1280.jpg\" alt=\"\" class=\"u-expanded-width u-image u-image-default u-image-1\" data-image-width=\"1280\" data-image-height=\"846\">\n                  <h6 class=\"u-align-center u-custom-font u-font-lato u-text u-text-8\">\n                    <span style=\"font-size: 1.25rem;\">Bevor etwas passiert,<br>Sie falsch handeln\u2026\n                    <\/span>\n                    <br>\n                    <span style=\"font-size: 1.25rem; font-weight: 700;\">Ein Anruf kann mehr als hilfreich sein!<\/span>\n                    <br>Beratung zur Vorsorge:<br>Montag bis Freitag von 10:00 bis 16:00 Uhr\n                  <\/h6>\n                <\/div>\n              <\/div>\n            <\/div>\n          <\/div>\n        <\/div>\n      <\/div>\n    <\/section>\n    \n    \n  \n","protected":false},"excerpt":{"rendered":"<p>TipPs Polizei beauftragt Bestatter Es gibt Situationen, in denen die Polizei eingeschaltet wird.Beispiele: Unfall mit dem Auto, bzw. generell als Verkehrsteilnehmer, Badeunfall, Suizid, Treppensturz und auch bei ungekl\u00e4rter Todesursache, wenn der Arzt das entsprechend im Totenschein angibt.Die Polizei sollte Ihnen mitzuteilen, dass Sie nicht verpflichtet sind, die Abwicklung des Sterbefalls durch den Bestatter durchf\u00fchren zu &hellip; <a href=\"https:\/\/grabkarte.de\/staging\/tipps\/\" class=\"more-link\">Continue reading<span class=\"screen-reader-text\"> &#8220;Tipps&#8221;<\/span><\/a><\/p>\n","protected":false},"author":1,"featured_media":0,"parent":0,"menu_order":5,"comment_status":"closed","ping_status":"closed","template":"","meta":{"footnotes":""},"class_list":["post-2169","page","type-page","status-publish","hentry"],"_links":{"self":[{"href":"https:\/\/grabkarte.de\/staging\/wp-json\/wp\/v2\/pages\/2169"}],"collection":[{"href":"https:\/\/grabkarte.de\/staging\/wp-json\/wp\/v2\/pages"}],"about":[{"href":"https:\/\/grabkarte.de\/staging\/wp-json\/wp\/v2\/types\/page"}],"author":[{"embeddable":true,"href":"https:\/\/grabkarte.de\/staging\/wp-json\/wp\/v2\/users\/1"}],"replies":[{"embeddable":true,"href":"https:\/\/grabkarte.de\/staging\/wp-json\/wp\/v2\/comments?post=2169"}],"version-history":[{"count":11,"href":"https:\/\/grabkarte.de\/staging\/wp-json\/wp\/v2\/pages\/2169\/revisions"}],"predecessor-version":[{"id":3064,"href":"https:\/\/grabkarte.de\/staging\/wp-json\/wp\/v2\/pages\/2169\/revisions\/3064"}],"wp:attachment":[{"href":"https:\/\/grabkarte.de\/staging\/wp-json\/wp\/v2\/media?parent=2169"}],"curies":[{"name":"wp","href":"https:\/\/api.w.org\/{rel}","templated":true}]}}