{"id":2190,"date":"2021-04-11T18:30:08","date_gmt":"2021-04-11T18:30:08","guid":{"rendered":"https:\/\/grabkarte.de\/2190-2\/"},"modified":"2023-07-15T13:06:03","modified_gmt":"2023-07-15T13:06:03","slug":"startseite","status":"publish","type":"page","link":"https:\/\/grabkarte.de\/staging\/","title":{"rendered":"Startseite"},"content":{"rendered":"\n  \n    \n    <section id=\"carousel_2f28\" class=\"u-carousel u-slide u-block-bd93-1\" data-u-ride=\"carousel\" data-interval=\"5000\">\n      <ol class=\"u-absolute-hcenter u-carousel-indicators u-block-bd93-2\">\n        <li data-u-target=\"#carousel_2f28\" data-u-slide-to=\"0\" class=\"u-active u-grey-30\"><\/li>\n        <li data-u-target=\"#carousel_2f28\" class=\"u-grey-30\" data-u-slide-to=\"1\"><\/li>\n        <li data-u-target=\"#carousel_2f28\" class=\"u-grey-30\" data-u-slide-to=\"2\"><\/li>\n      <\/ol>\n      <div class=\"u-carousel-inner\" role=\"listbox\">\n        <div class=\"u-active u-align-center u-carousel-item u-clearfix u-image u-shading u-section-2-1\" src=\"\" data-image-width=\"1920\" data-image-height=\"950\">\n          <div class=\"u-clearfix u-sheet u-valign-middle u-sheet-1\">\n            <h1 class=\"u-custom-font u-font-lato u-text u-text-1\">Der Tod kommt oft \u2013 unverhofft<\/h1>\n            <p class=\"u-custom-font u-font-lato u-large-text u-text u-text-variant u-text-2\">Wir sch\u00fctzen Sie vor unn\u00f6tigen Kosten<\/p>\n            <a href=\"https:\/\/grabkarte.de\/staging\/moeglichkeiten\/\" class=\"u-btn u-button-style u-palette-2-base u-btn-1\">Mehr erfahren<\/a>\n          <\/div>\n        <\/div>\n        <div class=\"u-align-center u-carousel-item u-clearfix u-image u-shading u-section-2-2\" src=\"\" data-image-width=\"1920\" data-image-height=\"950\">\n          <div class=\"u-clearfix u-sheet u-valign-middle u-sheet-1\">\n            <h1 class=\"u-custom-font u-font-lato u-text u-text-1\">Die Grabkarte<\/h1>\n            <p class=\"u-custom-font u-font-lato u-large-text u-text u-text-variant u-text-2\">Eine innovative und preiswerte M\u00f6glichkeit<\/p>\n            <a href=\"https:\/\/grabkarte.de\/staging\/grabkarte\/\" class=\"u-btn u-button-style u-custom-font u-font-lato u-palette-2-base u-btn-1\">Mehr erfahren<\/a>\n          <\/div>\n        <\/div>\n        <div class=\"u-align-center u-carousel-item u-clearfix u-image u-shading u-section-2-3\" src=\"\" data-image-width=\"1920\" data-image-height=\"950\">\n          <div class=\"u-clearfix u-sheet u-sheet-1\">\n            <h1 class=\"u-custom-font u-font-lato u-text u-text-1\">Der letzte Weg<\/h1>\n            <p class=\"u-custom-font u-font-lato u-large-text u-text u-text-variant u-text-2\">Entscheiden Sie, bevor es andere f\u00fcr Sie tun!<\/p>\n            <a href=\"https:\/\/weg4u.de\" class=\"u-btn u-button-style u-palette-2-base u-btn-1\" target=\"_blank\">Mehr erfahren<\/a>\n          <\/div>\n        <\/div>\n      <\/div>\n      <a class=\"u-absolute-vcenter u-carousel-control u-carousel-control-prev u-text-grey-30 u-block-bd93-3\" href=\"#carousel_2f28\" role=\"button\" data-u-slide=\"prev\">\n        <span aria-hidden=\"true\">\n          <svg viewBox=\"0 0 477.175 477.175\"><path d=\"M145.188,238.575l215.5-215.5c5.3-5.3,5.3-13.8,0-19.1s-13.8-5.3-19.1,0l-225.1,225.1c-5.3,5.3-5.3,13.8,0,19.1l225.1,225\n                    c2.6,2.6,6.1,4,9.5,4s6.9-1.3,9.5-4c5.3-5.3,5.3-13.8,0-19.1L145.188,238.575z\"><\/path><\/svg>\n        <\/span>\n        <span class=\"sr-only\">Previous<\/span>\n      <\/a>\n      <a class=\"u-absolute-vcenter u-carousel-control u-carousel-control-next u-text-grey-30 u-block-bd93-4\" href=\"#carousel_2f28\" role=\"button\" data-u-slide=\"next\">\n        <span aria-hidden=\"true\">\n          <svg viewBox=\"0 0 477.175 477.175\"><path d=\"M360.731,229.075l-225.1-225.1c-5.3-5.3-13.8-5.3-19.1,0s-5.3,13.8,0,19.1l215.5,215.5l-215.5,215.5\n                    c-5.3,5.3-5.3,13.8,0,19.1c2.6,2.6,6.1,4,9.5,4c3.4,0,6.9-1.3,9.5-4l225.1-225.1C365.931,242.875,365.931,234.275,360.731,229.075z\"><\/path><\/svg>\n        <\/span>\n        <span class=\"sr-only\">Next<\/span>\n      <\/a>\n    <\/section>\n    <section class=\"u-clearfix u-image u-section-3\" id=\"carousel_d9fa\" data-image-width=\"960\" data-image-height=\"639\">\n      <div class=\"u-clearfix u-sheet u-sheet-1\">\n        <div class=\"u-align-left u-container-style u-group u-palette-1-dark-1 u-group-1\">\n          <div class=\"u-container-layout u-container-layout-1\">\n            <h2 class=\"u-custom-font u-font-lato u-text u-text-1\">Die personalisierte&nbsp; Grabkarte<\/h2>\n            <p class=\"u-custom-font u-font-lato u-text u-text-2\">bietet Ihnen die folgenden M\u00f6glichkeiten:<\/p>\n            <ol class=\"u-custom-font u-font-lato u-text u-text-3\">\n              <li>&nbsp;Sie k\u00f6nnen zu Lebzeiten Vorsorge f\u00fcr sich oder f\u00fcr Angeh\u00f6rige treffen.&nbsp;<\/li>\n              <li>&nbsp;Sie k\u00f6nnen die Grabkarte jederzeit f\u00fcr einen akuten Sterbefall kaufen.<\/li>\n              <li>&nbsp;Die Grabkarte erm\u00f6glicht ein l\u00e4ngeres Zeitfenster f\u00fcr eine Beisetzung.<\/li>\n              <li>&nbsp;Eine Beisetzung erfolgt im Ausland mit diesen <a href=\"https:\/\/grabkarte.de\/staging\/moeglichkeiten\/\" class=\"u-active-none u-border-2 u-border-active-palette-2-dark-1 u-border-hover-palette-2-base u-border-palette-1-base u-btn u-button-link u-button-style u-hover-none u-none u-text-hover-palette-2-base u-text-palette-1-base u-btn-1\">M\u00f6glichkeiten<\/a>.\n              <\/li>\n              <li>&nbsp;Sie k\u00f6nnen agieren, wann und wie immer Sie m\u00f6chten!<\/li>\n              <li>Eine sp\u00e4tere Beisetzung in Deutschland ist mit Mehrkosten verbunden.<\/li>\n            <\/ol>\n            <p class=\"u-custom-font u-font-lato u-text u-text-4\">In vielen Bundesl\u00e4ndern muss eine Beisetzung in einem relativ kurzen Zeitraum erfolgen. Dadurch werden viele Menschen zu Dingen gezwungen, die niemandem wirklich helfen.<\/p>\n            <a href=\"https:\/\/grabkarte.de\/staging\/produkt\/grabkarte\/\" class=\"u-align-center u-btn u-button-style u-palette-1-dark-3 u-text-body-alt-color u-btn-2\">F\u00fcr nur 290 \u20ac bestellen<\/a>\n          <\/div>\n        <\/div>\n        <img decoding=\"async\" src=\"https:\/\/grabkarte.de\/staging\/wp-content\/uploads\/2021\/04\/grabkarte-380x240-1.png\" class=\"u-align-left u-image u-image-1\" data-image-width=\"380\" data-image-height=\"240\">\n      <\/div>\n    <\/section>\n    <section class=\"u-align-center u-clearfix u-palette-1-dark-3 u-section-4\" id=\"carousel_f552\">\n      <div class=\"u-clearfix u-sheet u-sheet-1\">\n        <h2 class=\"u-custom-font u-font-lato u-text u-text-1\">Unser Angebot<br>\n          <span style=\"font-size: 1.125rem;\">Auf der Seite&nbsp;<a href=\"https:\/\/weg4u.de\/\" class=\"u-active-none u-border-none u-btn u-button-style u-hover-none u-none u-text-palette-1-base u-btn-1\" target=\"_blank\">weg4u.de<\/a>&nbsp;wird das Thema \"<span style=\"font-weight: 700;\">Urne zu Hause<\/span>\" ausf\u00fchrlich erl\u00e4utert.\n          <\/span>\n          <br>\n        <\/h2>\n        <div class=\"u-clearfix u-expanded-width u-layout-wrap u-layout-wrap-1\">\n          <div class=\"u-layout\">\n            <div class=\"u-layout-row\">\n              <div class=\"u-container-style u-layout-cell u-size-30 u-layout-cell-1\">\n                <div class=\"u-container-layout u-container-layout-1\">\n                  <p class=\"u-custom-font u-font-lato u-text u-text-2\">\n                    <span style=\"font-size: 1.5rem;\">Kostenlose\nBeratung<\/span>\n                    <br>\n                    <span class=\"u-text-palette-1-base\">Sie haben\nnoch Fragen zu unserem Angebot?<\/span>\n                    <br>\n                    <br>\n                    <span class=\"u-text-custom-color-1\">Wir\nstehen Ihnen gerne telefonisch zur Verf\u00fcgung.<br>\n                      <span style=\"font-weight: 700; font-size: 1.25rem;\">0 1 5 2&nbsp; \u2013&nbsp; 5 4 0&nbsp; 1 7&nbsp; 1 0\n0<\/span>\n                      <br>\n                    <\/span>\n                    <span style=\"font-size: 1.5rem;\">Beratungszeiten<\/span>\n                    <br>\n                    <span class=\"u-text-custom-color-1\">\n                      <span style=\"font-weight: 700;\">Vorsorgegespr\u00e4che:<\/span>\n                      <br>Montag\nbis Freitag von 10 bis 16 Uhr<br>\n                      <br>\n                      <span style=\"font-weight: 700; font-size: 1.25rem;\">Sterbefall:<\/span>\n                      <br>365 Tage\n\u2013 24 Stunden&nbsp;\n                    <\/span>\n                  <\/p>\n                <\/div>\n              <\/div>\n              <div class=\"u-container-style u-layout-cell u-size-30 u-layout-cell-2\">\n                <div class=\"u-container-layout u-container-layout-2\">\n                  <p class=\"u-custom-font u-font-lato u-text u-text-3\">\n                    <span style=\"font-size: 1.5rem;\">5\nM\u00f6glichkeiten der Beisetzung<\/span>\n                    <br>\n                    <span class=\"u-text-custom-color-1\">Bei den 5 verschiedenen Arten, handelt es sich um anonyme Beisetzungen, die wir f\u00fcr Sie&nbsp;<\/span>\n                    <span class=\"u-text-custom-color-1\">realisieren!<\/span>\n                    <br>\n                    <span class=\"u-text-custom-color-1\">Diese Varianten basieren auf einer zuvor erfolgten Feuerbestattung.<\/span>\n                  <\/p>\n                  <ul class=\"u-custom-font u-custom-list u-font-lato u-text u-text-4\">\n                    <li>\n                      <div class=\"class u-list-icon\">\n                        <div xmlns=\"http:\/\/www.w3.org\/2000\/svg\" xmlns:xlink=\"http:\/\/www.w3.org\/1999\/xlink\" version=\"1.1\" xml:space=\"preserve\" class=\"u-svg-content\">\u25ba<\/div>\n                      <\/div>\n                      <span style=\"font-size: 1.125rem;\">Totenasche zur freien Verf\u200b\u00fcgung \u2013 kurz Urne zu Hause<\/span>\n                    <\/li>\n                    <li>\n                      <div class=\"class u-list-icon\">\n                        <div xmlns=\"http:\/\/www.w3.org\/2000\/svg\" xmlns:xlink=\"http:\/\/www.w3.org\/1999\/xlink\" version=\"1.1\" xml:space=\"preserve\" class=\"u-svg-content\">\u25ba<\/div>\n                      <\/div>\n                      <span style=\"font-size: 1.125rem;\">Verstreuung \u2013 erfolgt im Wald und die Natur arbeitet weiter<\/span>\n                    <\/li>\n                    <li>\n                      <div class=\"class u-list-icon\">\n                        <div xmlns=\"http:\/\/www.w3.org\/2000\/svg\" xmlns:xlink=\"http:\/\/www.w3.org\/1999\/xlink\" version=\"1.1\" xml:space=\"preserve\" class=\"u-svg-content\">\u25ba<\/div>\n                      <\/div>\n                      <span style=\"font-size: 1.125rem;\">Seebestattung \u2013 m\u00f6glich ohne Gef\u00e4\u00df oder mit Seeurne<\/span>\n                    <\/li>\n                    <li>\n                      <div class=\"class u-list-icon\">\n                        <div xmlns=\"http:\/\/www.w3.org\/2000\/svg\" xmlns:xlink=\"http:\/\/www.w3.org\/1999\/xlink\" version=\"1.1\" xml:space=\"preserve\" class=\"u-svg-content\">\u25ba<\/div>\n                      <\/div>\n                      <span style=\"font-size: 1.125rem;\">Flussbestattung \u2013 m\u00f6glich ohne Gef\u00e4\u00df oder mit Seeurne<\/span>\n                    <\/li>\n                    <li>\n                      <div class=\"class u-list-icon\">\n                        <div xmlns=\"http:\/\/www.w3.org\/2000\/svg\" xmlns:xlink=\"http:\/\/www.w3.org\/1999\/xlink\" version=\"1.1\" xml:space=\"preserve\" class=\"u-svg-content\">\u25ba<\/div>\n                      <\/div>\n                      <span style=\"font-size: 1.125rem;\">Waldbestattung \u2013 mit Bio-Urne bzw. Bio-Aschekapsel<\/span>\n                    <\/li>\n                  <\/ul>\n                <\/div>\n              <\/div>\n            <\/div>\n          <\/div>\n        <\/div>\n      <\/div>\n    <\/section>\n    <style class=\"u-overlap-style\">.u-overlap:not(.u-sticky-scroll) .u-header {\nbackground-color: #1a1a1a !important\n}<\/style>\n    \n    \n  \n","protected":false},"excerpt":{"rendered":"<p>Der Tod kommt oft \u2013 unverhofft Wir sch\u00fctzen Sie vor unn\u00f6tigen Kosten Mehr erfahren Die Grabkarte Eine innovative und preiswerte M\u00f6glichkeit Mehr erfahren Der letzte Weg Entscheiden Sie, bevor es andere f\u00fcr Sie tun! Mehr erfahren Previous Next Die personalisierte&nbsp; Grabkarte bietet Ihnen die folgenden M\u00f6glichkeiten: &nbsp;Sie k\u00f6nnen zu Lebzeiten Vorsorge f\u00fcr sich oder f\u00fcr &hellip; <a href=\"https:\/\/grabkarte.de\/staging\/\" class=\"more-link\">Continue reading<span class=\"screen-reader-text\"> &#8220;Startseite&#8221;<\/span><\/a><\/p>\n","protected":false},"author":1,"featured_media":0,"parent":0,"menu_order":0,"comment_status":"closed","ping_status":"closed","template":"","meta":{"footnotes":""},"class_list":["post-2190","page","type-page","status-publish","hentry"],"_links":{"self":[{"href":"https:\/\/grabkarte.de\/staging\/wp-json\/wp\/v2\/pages\/2190"}],"collection":[{"href":"https:\/\/grabkarte.de\/staging\/wp-json\/wp\/v2\/pages"}],"about":[{"href":"https:\/\/grabkarte.de\/staging\/wp-json\/wp\/v2\/types\/page"}],"author":[{"embeddable":true,"href":"https:\/\/grabkarte.de\/staging\/wp-json\/wp\/v2\/users\/1"}],"replies":[{"embeddable":true,"href":"https:\/\/grabkarte.de\/staging\/wp-json\/wp\/v2\/comments?post=2190"}],"version-history":[{"count":28,"href":"https:\/\/grabkarte.de\/staging\/wp-json\/wp\/v2\/pages\/2190\/revisions"}],"predecessor-version":[{"id":2824,"href":"https:\/\/grabkarte.de\/staging\/wp-json\/wp\/v2\/pages\/2190\/revisions\/2824"}],"wp:attachment":[{"href":"https:\/\/grabkarte.de\/staging\/wp-json\/wp\/v2\/media?parent=2190"}],"curies":[{"name":"wp","href":"https:\/\/api.w.org\/{rel}","templated":true}]}}