{"id":2215,"date":"2021-04-14T09:34:27","date_gmt":"2021-04-14T09:34:27","guid":{"rendered":"https:\/\/grabkarte.de\/registrierung-4\/"},"modified":"2023-10-10T12:55:08","modified_gmt":"2023-10-10T12:55:08","slug":"registrierung","status":"publish","type":"page","link":"https:\/\/grabkarte.de\/staging\/registrierung\/","title":{"rendered":"Registrierung"},"content":{"rendered":"\n  \n    \n    <section class=\"u-clearfix u-palette-1-light-2 u-section-2\" id=\"carousel_4591\">\n      <div class=\"u-clearfix u-sheet u-valign-middle u-sheet-1\">\n        <div class=\"u-clearfix u-expanded-width u-layout-wrap u-layout-wrap-1\">\n          <div class=\"u-layout\">\n            <div class=\"u-layout-row\">\n              <div class=\"u-container-style u-layout-cell u-left-cell u-size-18 u-layout-cell-1\">\n                <div class=\"u-container-layout u-container-layout-1\">\n                  <h2 class=\"u-custom-font u-font-lato u-text u-text-1\">Registrierung<\/h2>\n                <\/div>\n              <\/div>\n              <div class=\"u-container-style u-layout-cell u-right-cell u-size-42 u-layout-cell-2\">\n                <div class=\"u-container-layout u-container-layout-2\">\n                  <p class=\"u-custom-font u-font-lato u-text u-text-2\">\n                    <span style=\"font-weight: 700; font-style: italic;\">Eine Registrierung ist noch keine Bestellung!<\/span>\n                    <br>Wir bitten um Verst\u00e4ndnis, dass f\u00fcr die Bestellung einer Grabkarte vorab eine Registrierung erforderlich ist.<br>Auf diese Weise lassen sich die Bestellvorg\u00e4nge und Daten f\u00fcr beide Parteien transparent nachvollziehen.<br>Es k\u00f6nnen sich nat\u00fcrliche Personen, als auch Bestatter \u2013 Unternehmen \u2013 registrieren.&nbsp;<br>Damit die Datenbank sauber und \u00fcbersichtlich bleibt, werden alle Registrierungen mittels E-Mail verifiziert.&nbsp;\n                  <\/p>\n                <\/div>\n              <\/div>\n            <\/div>\n          <\/div>\n        <\/div>\n      <\/div>\n    <\/section>\n    <section class=\"u-clearfix u-section-3\" id=\"sec-613d\">\n      <div class=\"u-clearfix u-sheet u-valign-middle u-sheet-1\">\n        <div class=\"u-align-left u-expanded-width u-shortcode u-shortcode-1\">[gravityform id=\"1\" title=\"true\"]<\/div>\n      <\/div>\n    <\/section>\n    \n    \n  \n","protected":false},"excerpt":{"rendered":"<p>Registrierung Eine Registrierung ist noch keine Bestellung! Wir bitten um Verst\u00e4ndnis, dass f\u00fcr die Bestellung einer Grabkarte vorab eine Registrierung erforderlich ist.Auf diese Weise lassen sich die Bestellvorg\u00e4nge und Daten f\u00fcr beide Parteien transparent nachvollziehen.Es k\u00f6nnen sich nat\u00fcrliche Personen, als auch Bestatter \u2013 Unternehmen \u2013 registrieren.&nbsp;Damit die Datenbank sauber und \u00fcbersichtlich bleibt, werden alle Registrierungen &hellip; <a href=\"https:\/\/grabkarte.de\/staging\/registrierung\/\" class=\"more-link\">Continue reading<span class=\"screen-reader-text\"> &#8220;Registrierung&#8221;<\/span><\/a><\/p>\n","protected":false},"author":1,"featured_media":0,"parent":0,"menu_order":4,"comment_status":"closed","ping_status":"closed","template":"","meta":{"footnotes":""},"class_list":["post-2215","page","type-page","status-publish","hentry"],"_links":{"self":[{"href":"https:\/\/grabkarte.de\/staging\/wp-json\/wp\/v2\/pages\/2215"}],"collection":[{"href":"https:\/\/grabkarte.de\/staging\/wp-json\/wp\/v2\/pages"}],"about":[{"href":"https:\/\/grabkarte.de\/staging\/wp-json\/wp\/v2\/types\/page"}],"author":[{"embeddable":true,"href":"https:\/\/grabkarte.de\/staging\/wp-json\/wp\/v2\/users\/1"}],"replies":[{"embeddable":true,"href":"https:\/\/grabkarte.de\/staging\/wp-json\/wp\/v2\/comments?post=2215"}],"version-history":[{"count":13,"href":"https:\/\/grabkarte.de\/staging\/wp-json\/wp\/v2\/pages\/2215\/revisions"}],"predecessor-version":[{"id":2906,"href":"https:\/\/grabkarte.de\/staging\/wp-json\/wp\/v2\/pages\/2215\/revisions\/2906"}],"wp:attachment":[{"href":"https:\/\/grabkarte.de\/staging\/wp-json\/wp\/v2\/media?parent=2215"}],"curies":[{"name":"wp","href":"https:\/\/api.w.org\/{rel}","templated":true}]}}