{"id":2295,"date":"2021-04-15T12:45:59","date_gmt":"2021-04-15T12:45:59","guid":{"rendered":"https:\/\/grabkarte.de\/?page_id=2295"},"modified":"2023-10-29T17:25:37","modified_gmt":"2023-10-29T17:25:37","slug":"kontakt","status":"publish","type":"page","link":"https:\/\/grabkarte.de\/staging\/kontakt\/","title":{"rendered":"Kontakt"},"content":{"rendered":"\n  \n    \n    <section class=\"u-align-center u-clearfix u-image u-section-2\" src=\"\" id=\"carousel_2ee8\" data-image-width=\"1980\" data-image-height=\"2201\">\n      <div class=\"u-clearfix u-sheet u-sheet-1\">\n        <h2 class=\"u-custom-font u-font-lato u-text u-text-1\">Kontaktieren Sie uns<\/h2>\n        <p class=\"u-large-text u-text u-text-variant u-text-2\"><b>\n            <span style=\"font-size: 1.5rem;\">&nbsp;<\/span>\n            <span style=\"font-size: 1.5rem;\" class=\"u-text-black\">0152 \u2013 540 17 100 <\/span><\/b>\n          <span class=\"u-text-black\">\n            <br><b>Bei einem akuten Sterbefall sind wir immer erreichbar!<\/b>\n            <br>Wir rufen Sie gerne zur\u00fcck, damit Ihnen keine unn\u00f6tigen Kosten entstehen.<br>\n            <br><b>Beratungszeiten f\u00fcr Vorsorgegespr\u00e4che<\/b>\n            <br>Montag bis Freitag: 10:00 bis 16:00 Uhr bzw. nach Terminvereinbarung\n          <\/span>\n          <br>\n        <\/p>\n        <div class=\"u-align-center u-container-style u-group u-group-1\">\n          <div class=\"u-container-layout u-container-layout-1\">\n            <div class=\"u-align-center u-shortcode u-shortcode-1\">[gravityform id=\"5\" title=\"true\"] <\/div>\n          <\/div>\n        <\/div>\n      <\/div>\n    <\/section>\n    \n    \n  \n","protected":false},"excerpt":{"rendered":"<p>Kontaktieren Sie uns &nbsp; 0152 \u2013 540 17 100 Bei einem akuten Sterbefall sind wir immer erreichbar! Wir rufen Sie gerne zur\u00fcck, damit Ihnen keine unn\u00f6tigen Kosten entstehen. Beratungszeiten f\u00fcr Vorsorgegespr\u00e4che Montag bis Freitag: 10:00 bis 16:00 Uhr bzw. nach Terminvereinbarung [gravityform id=&#8221;5&#8243; title=&#8221;true&#8221;]<\/p>\n","protected":false},"author":1,"featured_media":0,"parent":0,"menu_order":0,"comment_status":"closed","ping_status":"closed","template":"","meta":{"footnotes":""},"class_list":["post-2295","page","type-page","status-publish","hentry"],"_links":{"self":[{"href":"https:\/\/grabkarte.de\/staging\/wp-json\/wp\/v2\/pages\/2295"}],"collection":[{"href":"https:\/\/grabkarte.de\/staging\/wp-json\/wp\/v2\/pages"}],"about":[{"href":"https:\/\/grabkarte.de\/staging\/wp-json\/wp\/v2\/types\/page"}],"author":[{"embeddable":true,"href":"https:\/\/grabkarte.de\/staging\/wp-json\/wp\/v2\/users\/1"}],"replies":[{"embeddable":true,"href":"https:\/\/grabkarte.de\/staging\/wp-json\/wp\/v2\/comments?post=2295"}],"version-history":[{"count":15,"href":"https:\/\/grabkarte.de\/staging\/wp-json\/wp\/v2\/pages\/2295\/revisions"}],"predecessor-version":[{"id":3074,"href":"https:\/\/grabkarte.de\/staging\/wp-json\/wp\/v2\/pages\/2295\/revisions\/3074"}],"wp:attachment":[{"href":"https:\/\/grabkarte.de\/staging\/wp-json\/wp\/v2\/media?parent=2295"}],"curies":[{"name":"wp","href":"https:\/\/api.w.org\/{rel}","templated":true}]}}