{"id":2972,"date":"2023-10-17T12:04:47","date_gmt":"2023-10-17T12:04:47","guid":{"rendered":"https:\/\/grabkarte.de\/staging\/?page_id=2972"},"modified":"2023-10-26T12:29:12","modified_gmt":"2023-10-26T12:29:12","slug":"seebestattung-3","status":"publish","type":"page","link":"https:\/\/grabkarte.de\/staging\/seebestattung-3\/","title":{"rendered":"Seebestattung"},"content":{"rendered":"<p>Die Kremation ist die Voraussetzung f\u00fcr eine Seebestattung.<\/p><p>Die Seebestattung ist die Art der Beisetzung, die letztlich keine M\u00f6glichkeiten einer \u00c4nderung mehr zul\u00e4sst. Sie sollten sich dar\u00fcber im Klaren sein, dass es nach einer Seebestattung kein Zur\u00fcck mehr gibt. Ebenso haben die Angeh\u00f6rigen keinen Ort zum Trauern bzw. Gedenken. Damit kommt nicht jeder zurecht und dar\u00fcber sollte man fr\u00fchzeitig nachdenken.<\/p><p>Eine Seebestattung wird in Deutschland in der Nord- und Ostsee erm\u00f6glicht.<\/p><p>Je nach Abfahrtsort fallen unterschiedliche Kosten an.<\/p><p>Dazu kommt es immer auf den Bestatter an, der Ihnen die Seebestattung an die Hand gibt.<\/p><p>Es gibt folgende Unterschiede bei den M\u00f6glichkeiten der Seebestattung:<\/p><p><strong><em>Anonyme Seebestattung<\/em><\/strong><br>Hier erfahren Sie nicht einmal, wann und wo die Beisetzung ausgef\u00fchrt wurde.<\/p><p><strong><em>Stille Seebestattung<\/em><\/strong><br>Sie sind nicht dabei, jedoch erfahren Sie wann und wo die Beisetzung erfolgte.<br>Evtl. bekommen Sie auch eine Seekarte mit den Koordinaten.<\/p><p><strong><em>Seebestattung mit Angeh\u00f6rigen<\/em><\/strong><br>Hier k\u00f6nnen Sie mit Ihren Angeh\u00f6rigen anwesend sein. In Deutschland, die teuerste M\u00f6glichkeit, weil hierzu ein Schiff entsprechend der Personenzahl ben\u00f6tigt wird.<\/p><p>In den Niederlanden noch zu erschwinglichen Kosten m\u00f6glich.<\/p><p>Bedenken Sie, dass Sie mit den teilnehmenden G\u00e4sten bis zum Hafen fahren m\u00fcssen. Damit sind nat\u00fcrlich auch entsprechende Kosten, f\u00fcr alle die dabei sein m\u00f6chten, verbunden.<\/p><p>Es kann auch zu Terminverschiebungen kommen, wenn z.&nbsp;B. das Wetter nicht mitspielt.<\/p><p>Sie sollten \u00fcberlegen, ob Sie nicht lieber einen Weg w\u00e4hlen, der Ihnen noch andere M\u00f6glichkeiten er\u00f6ffnet z.&nbsp;B \u00fcber den Kauf einer Grabkarte.<\/p><p><strong><em>Seebestattung mit Grabkarte<br><\/em><\/strong>Alles, was wir heute f\u00fcr richtig ansehen und glauben, dass wir damit leben k\u00f6nnen, kann in der Zukunft anders aussehen.<\/p><figure class=\"wp-block-table\"><table class=\"has-fixed-layout\"><tbody><tr><td><img fetchpriority=\"high\" decoding=\"async\" width=\"500\" height=\"359\" class=\"wp-image-3029\" style=\"width: 500px;\" src=\"https:\/\/grabkarte.de\/staging\/wp-content\/uploads\/2023\/10\/Seebestattung-PDF.png\" alt=\"\"><\/td><td>Mit der Grabkarte k\u00f6nnen Sie einen Teil der Asche selbst behalten und mit dem anderen Teil eine Seebestattung realisieren.<br>Diese M\u00f6glichkeit ist besonders wichtig, da niemand in die Zukunft schauen kann.<br>In der Grundvariante ist die anonyme Seebestattung in den Kosten enthalten. Sie k\u00f6nnen auf Wunsch den Beisetzungsort und die Uhrzeit mitgeteilt bekommen. Hierf\u00fcr fallen Mehrkosten von 30,00&nbsp;\u20ac an.<\/td><\/tr><\/tbody><\/table><\/figure><p>Bei einer Seebestattung mit Angeh\u00f6rigen, fallen zus\u00e4tzliche Kosten von ca. 200&nbsp;\u20ac an.<\/p><p>Seebestattungen in den Niederlanden erfolgen in der Nordsee bzw. ist auch das Ijsselmeer m\u00f6glich. Abfahrtsh\u00e4fen k\u00f6nnen mit dem Seebestatter abgesprochen werden.<\/p><p><strong>Fazit:<br><\/strong>Rechtzeitig richtig zu handeln, ist bei einer Seebestattung enorm wichtig.<br>\u00dcberhaupt zu wissen, welche M\u00f6glichkeiten Sie haben, ist schon sehr viel wert.<\/p>","protected":false},"excerpt":{"rendered":"<p>Die Kremation ist die Voraussetzung f\u00fcr eine Seebestattung. Die Seebestattung ist die Art der Beisetzung, die letztlich keine M\u00f6glichkeiten einer \u00c4nderung mehr zul\u00e4sst. Sie sollten sich dar\u00fcber im Klaren sein, dass es nach einer Seebestattung kein Zur\u00fcck mehr gibt. Ebenso haben die Angeh\u00f6rigen keinen Ort zum Trauern bzw. Gedenken. Damit kommt nicht jeder zurecht und &hellip; <a href=\"https:\/\/grabkarte.de\/staging\/seebestattung-3\/\" class=\"more-link\">Continue reading<span class=\"screen-reader-text\"> &#8220;Seebestattung&#8221;<\/span><\/a><\/p>\n","protected":false},"author":1,"featured_media":0,"parent":0,"menu_order":0,"comment_status":"closed","ping_status":"closed","template":"","meta":{"footnotes":""},"class_list":["post-2972","page","type-page","status-publish","hentry"],"_links":{"self":[{"href":"https:\/\/grabkarte.de\/staging\/wp-json\/wp\/v2\/pages\/2972"}],"collection":[{"href":"https:\/\/grabkarte.de\/staging\/wp-json\/wp\/v2\/pages"}],"about":[{"href":"https:\/\/grabkarte.de\/staging\/wp-json\/wp\/v2\/types\/page"}],"author":[{"embeddable":true,"href":"https:\/\/grabkarte.de\/staging\/wp-json\/wp\/v2\/users\/1"}],"replies":[{"embeddable":true,"href":"https:\/\/grabkarte.de\/staging\/wp-json\/wp\/v2\/comments?post=2972"}],"version-history":[{"count":4,"href":"https:\/\/grabkarte.de\/staging\/wp-json\/wp\/v2\/pages\/2972\/revisions"}],"predecessor-version":[{"id":3044,"href":"https:\/\/grabkarte.de\/staging\/wp-json\/wp\/v2\/pages\/2972\/revisions\/3044"}],"wp:attachment":[{"href":"https:\/\/grabkarte.de\/staging\/wp-json\/wp\/v2\/media?parent=2972"}],"curies":[{"name":"wp","href":"https:\/\/api.w.org\/{rel}","templated":true}]}}