{"id":2974,"date":"2023-10-17T12:05:25","date_gmt":"2023-10-17T12:05:25","guid":{"rendered":"https:\/\/grabkarte.de\/staging\/?page_id=2974"},"modified":"2023-10-26T12:34:58","modified_gmt":"2023-10-26T12:34:58","slug":"waldbestattung-3","status":"publish","type":"page","link":"https:\/\/grabkarte.de\/staging\/waldbestattung-3\/","title":{"rendered":"Waldbestattung"},"content":{"rendered":"<p><strong>Waldbestattung \u2013 Friedwald und Co.<\/strong><\/p><p>Diese M\u00f6glichkeit ist eine Alternative zu der herk\u00f6mmlichen Beisetzung auf einem Friedhof.<\/p><p>Inzwischen schie\u00dfen Friedw\u00e4lder und Ruheforste, etc. wie Pilze aus dem Boden und wenn man erkennt, wieviel Geld sich damit verdienen l\u00e4sst, dann ist das nat\u00fcrlich auch nachvollziehbar.<\/p><p>Auch sind die Kosten im Vergleich zu den Niederlanden recht hoch.<\/p><figure class=\"wp-block-table\"><table class=\"has-fixed-layout\"><tbody><tr><td><img fetchpriority=\"high\" decoding=\"async\" width=\"500\" height=\"281\" class=\"wp-image-2997\" style=\"width: 500px;\" src=\"https:\/\/grabkarte.de\/staging\/wp-content\/uploads\/2023\/10\/waldbestattung-1.png\" alt=\"\"><\/td><td>Beispielsweise <a href=\"https:\/\/www.friedwald.de\/kosten\">kostet<\/a> die einfachste Version im Friedwald mind. 1.040 \u20ac.<br>Selbst die Friedwaldkosten sind in Deutschland nicht einheitlich.<br>Ob die kleinen Gedenkschilder an den B\u00e4umen diesen Preis rechtfertigen?<br>Sonderlich fit sieht der Baum auch nicht aus.<\/td><\/tr><\/tbody><\/table><figcaption class=\"wp-element-caption\">Baum im Friedwald mit Gedenktafeln<\/figcaption><\/figure><p>In den Niederlanden kostet eine anonyme Beisetzung 290 \u20ac, also in etwa nur 28 % der Summe, die f\u00fcr den Grabplatz im Friedwald mind. zu zahlen w\u00e4re. Diese M\u00f6glichkeit l\u00e4sst sich z. B. \u00fcber die Grabkarte realisieren und in diesem Preis ist zudem auch die Urnenanforderung enthalten.<\/p><p>12 x 1.040 \u20ac = 12.480 \u20ac ist die Einnahme, die im Friedwald mit nur einem Baum erzielt wird, der Aufwand der Beisetzung ist dabei nicht einmal sonderlich hoch.<\/p><p>Die M\u00f6glichkeit, eine Beisetzung nach den Regeln der Deutschen Bestattungspflicht zu realisieren, wird hier dazu genutzt, um u. a. den Angeh\u00f6rigen die l\u00e4stige Pflege einer Grabst\u00e4tte zu nehmen. Dadurch entfallen auch die Kosten einer Grabumrandung, Grabplatte, sowie des Grabsteins. Ebenso wie die sonst noch anfallenden Kosten der Bepflanzung je nach Jahreszeit, Kerzen, usw. Auch entf\u00e4llt der Aufwand, zum Friedhof zu m\u00fcssen, um diese Arbeiten zu leisten. Alternativ muss f\u00fcr eine Grabpflege bezahlt werden, wenn diese nicht mehr in Eigenregie erledigt werden kann, bzw. Sie m\u00fcssen vorher entscheiden, welche Grabst\u00e4tte f\u00fcr viele Jahre Ihren W\u00fcnschen entspricht.<\/p><p>Wer kann das \u00fcber einen Zeitraum von mehr als 15 Jahren schon?<\/p><p>Aber wo liegt der Unterschied zu einem Baum im eigenen Garten oder an jedem Baum, der irgendwo in einem wundersch\u00f6nen Wald steht und f\u00fcr Sie viel n\u00e4her ist als ein Friedwald?<\/p><p>Mit ein bisschen Augenzwinkern ganz leicht zu erkennen. Jeder Baum ist ein Produkt der Natur und an jedem Baum k\u00f6nnte man die Asche selbst beisetzen. Aber es k\u00f6nnte auch jeder Baum vom Blitz getroffen werden.<\/p><figure class=\"wp-block-table\"><table class=\"has-fixed-layout\"><tbody><tr><td><img decoding=\"async\" width=\"500\" height=\"382\" class=\"wp-image-3047\" style=\"width: 500px;\" src=\"https:\/\/grabkarte.de\/staging\/wp-content\/uploads\/2023\/10\/Waldbestattung-PDF-2.png\" alt=\"\"><\/td><td>Stellen Sie sich einmal diese Situation vor: Ein Baum im Friedwald wird vom Blitz getroffen und dann fliegen 12&nbsp;Urnen durch die Luft.<br>So k\u00f6nnte das dann aussehen.<br>H\u00e4tten wir in Deutschland nicht die strenge Regelung der Beisetzungspflicht, die man mit dem netten Wort \u201eBeisetzungsrecht\u201c beschreibt, dann w\u00e4ren die Gemeinden und St\u00e4dten nicht mehr an Friedw\u00e4ldern interessiert.<br>Warum \u00fcbergibt man die Totenasche nicht an Angeh\u00f6rige?<br>Sie ben\u00f6tigen dazu nicht sonderlich viel Fantasie, wenn Sie sich die Zahl von mind. 12.480&nbsp;\u20ac pro Baum vor Augen halten.<br>Und in Friedw\u00e4ldern stehen viele B\u00e4ume!<\/td><\/tr><\/tbody><\/table><\/figure><p>In den Niederlanden gibt es keine Beisetzungspflicht. Jeder Angeh\u00f6rige kann frei \u00fcber die Totenasche verf\u00fcgen. Somit kann die Totenasche auch geteilt werden.<\/p><p>Scheinbar hat man dort nicht die Angst, dass man Gelder verliert, denn es gibt auch in den Niederlanden noch ganz normale Friedh\u00f6fe.<\/p><p>Ebenso gibt es in den Niederlanden keine zeitliche Begrenzung f\u00fcr die Beisetzung. Also auch, wenn die Totenasche erst einmal zu Hause aufbewahrt wird und evtl. erst nach 5&nbsp;Jahren oder viel sp\u00e4ter, eine Beisetzung auf dem Friedhof erfolgen soll. All dies ist dort kein Problem.<\/p><p>\u00dcber unsere Grabkarte ist das dann auch f\u00fcr Deutsche problemlos m\u00f6glich.<\/p><p>Wobei auch jeder deutsche Friedhof eine Beisetzung einer Asche noch nach Jahren durchf\u00fchrt, denn daf\u00fcr gibt es Geld und das nimmt doch der Friedhof gerne, egal wann.<\/p><p><strong>Fazit:<br><\/strong>Eine Waldbestattung kann man auf verschiedene Arten realisieren.<\/p><p>\u00dcber die Grabkarte auch im eigenen Garten am Baum oder auch in der Wohnung in einem sch\u00f6nen Gef\u00e4\u00df. Nat\u00fcrlich eignen sich auch wundervolle Schmuckst\u00fccke dazu, die Totenasche immer bei sich zu tragen.<\/p>","protected":false},"excerpt":{"rendered":"<p>Waldbestattung \u2013 Friedwald und Co. Diese M\u00f6glichkeit ist eine Alternative zu der herk\u00f6mmlichen Beisetzung auf einem Friedhof. Inzwischen schie\u00dfen Friedw\u00e4lder und Ruheforste, etc. wie Pilze aus dem Boden und wenn man erkennt, wieviel Geld sich damit verdienen l\u00e4sst, dann ist das nat\u00fcrlich auch nachvollziehbar. Auch sind die Kosten im Vergleich zu den Niederlanden recht hoch. &hellip; <a href=\"https:\/\/grabkarte.de\/staging\/waldbestattung-3\/\" class=\"more-link\">Continue reading<span class=\"screen-reader-text\"> &#8220;Waldbestattung&#8221;<\/span><\/a><\/p>\n","protected":false},"author":1,"featured_media":0,"parent":0,"menu_order":0,"comment_status":"closed","ping_status":"closed","template":"","meta":{"footnotes":""},"class_list":["post-2974","page","type-page","status-publish","hentry"],"_links":{"self":[{"href":"https:\/\/grabkarte.de\/staging\/wp-json\/wp\/v2\/pages\/2974"}],"collection":[{"href":"https:\/\/grabkarte.de\/staging\/wp-json\/wp\/v2\/pages"}],"about":[{"href":"https:\/\/grabkarte.de\/staging\/wp-json\/wp\/v2\/types\/page"}],"author":[{"embeddable":true,"href":"https:\/\/grabkarte.de\/staging\/wp-json\/wp\/v2\/users\/1"}],"replies":[{"embeddable":true,"href":"https:\/\/grabkarte.de\/staging\/wp-json\/wp\/v2\/comments?post=2974"}],"version-history":[{"count":5,"href":"https:\/\/grabkarte.de\/staging\/wp-json\/wp\/v2\/pages\/2974\/revisions"}],"predecessor-version":[{"id":3049,"href":"https:\/\/grabkarte.de\/staging\/wp-json\/wp\/v2\/pages\/2974\/revisions\/3049"}],"wp:attachment":[{"href":"https:\/\/grabkarte.de\/staging\/wp-json\/wp\/v2\/media?parent=2974"}],"curies":[{"name":"wp","href":"https:\/\/api.w.org\/{rel}","templated":true}]}}