{"id":2976,"date":"2023-10-17T12:05:59","date_gmt":"2023-10-17T12:05:59","guid":{"rendered":"https:\/\/grabkarte.de\/staging\/?page_id=2976"},"modified":"2023-10-26T12:30:10","modified_gmt":"2023-10-26T12:30:10","slug":"verstreuung-4","status":"publish","type":"page","link":"https:\/\/grabkarte.de\/staging\/verstreuung-4\/","title":{"rendered":"Verstreuung"},"content":{"rendered":"<p>Eine Verstreuung kann nur nach erfolgter Kremation durchgef\u00fchrt werden.<\/p><p>In Deutschland gibt es inzwischen ein paar Friedh\u00f6fe, auf denen eine Verstreuung der Asche m\u00f6glich ist. Allerdings, geh\u00f6rt diese Art der Bestattung noch nicht zum Standard und die meisten Friedh\u00f6fe, die diese M\u00f6glichkeit anbieten, liegen im Osten von Deutschland.<\/p><p>Hier ist man mit der Feuerbestattung bei \u00fcber 90 % und deshalb wird im Osten auch schneller etwas erm\u00f6glicht, was im Westen recht langsam Fu\u00df fasst.<\/p><p>Oft ist eine Verstreuung auf dem Friedhof mit hohen Kosten verbunden.<\/p><p>Allerdings m\u00fcssen Sie, genau wie bei der Seebestattung und allen Bestattungsarten, bei denen es sp\u00e4ter kein Zur\u00fcck mehr gibt, genau \u00fcberlegen, ob das wirklich der richtige Weg f\u00fcr Sie ist.<\/p><p>\u00dcberlegen Sie, ob es nicht f\u00fcr Sie auch etwas suspekt ist, da keiner von uns wei\u00df, wie er in ein paar Jahren dar\u00fcber denkt. Niemand kann in die Zukunft sehen und deshalb sollten Sie sich lieber ein \u201eHintert\u00fcrchen\u201c offen lassen um evtl. noch anders agieren zu k\u00f6nnen.<\/p><p>Vielleicht m\u00f6chten Sie irgendwann einen Teil der Asche zu einem sch\u00f6nen Ort bringen, wo diese Person wundersch\u00f6ne Zeiten erlebt hat oder es wurde Ihnen einmal von einem gigantischen Urlaub erz\u00e4hlt.<\/p><p>Alle diese Gedanken und auch Ihr Handeln tragen dazu bei, dass Sie den Verlust besser verarbeiten k\u00f6nnen. Mit einem schnellen Erledigen ist der Verlust nicht zu verarbeiten.<\/p><p>Es k\u00f6nnte auch sein, dass Sie z. B. Ihre Eltern, die im Regelfall nicht beide am selben Tag sterben, gemeinsam an einen sch\u00f6nen Ort bringen m\u00f6chten.<\/p><p>Behalten Sie sich einfach die M\u00f6glichkeiten offen, indem Sie sich f\u00fcr die Grabkarte entscheiden!<\/p><p>Eine Beisetzung auf einem Friedhof in Deutschland oder jede Art die in Deutschland Gesetzeskonform ist, k\u00f6nnen Sie immer noch machen und dann haben Sie die Zeit, sich wirklich f\u00fcr das zu entscheiden, was Ihnen guttut.<\/p><p>Vielleicht gibt es auch noch andere Personen, die ganz andere W\u00fcnsche haben.<\/p><p>Mit der M\u00f6glichkeit \u00fcber die Grabkarte halten Sie sich alle Varianten offen.<\/p><figure class=\"wp-block-table\"><table class=\"has-fixed-layout\"><tbody><tr><td><img fetchpriority=\"high\" decoding=\"async\" width=\"500\" height=\"360\" class=\"wp-image-3033\" style=\"width: 500px;\" src=\"https:\/\/grabkarte.de\/staging\/wp-content\/uploads\/2023\/10\/Verstreuung-PDF.png\" alt=\"\"><\/td><td>Bringen Sie die Asche vielleicht selbst in einen Wald und machen Sie dort Ihre ganz pers\u00f6nliche Verabschiedung.<br>Wann immer Sie es f\u00fcr sich f\u00fcr richtig erachten und nicht, weil ein Gesetz Ihnen vorschreibt, wann Sie was mit der Asche tun m\u00fcssen.<br>Einfach unmenschlich und absolut nicht im Interesse der Menschen, die alle eine unterschiedliche Zeit f\u00fcr die Verarbeitung eines Verlustes ben\u00f6tigen.<\/td><\/tr><\/tbody><\/table><\/figure><p><strong>Fazit:<br><\/strong>\u00dcberlegt handeln ist immer dann angebracht, wenn es um eine Situation geht, die so endg\u00fcltig ist und sp\u00e4ter nicht mehr umkehrbar.<\/p><p>Zu wissen, was man an M\u00f6glichkeiten offen hat, ist viel wert und kann manche Tr\u00e4nen ersparen!<\/p>","protected":false},"excerpt":{"rendered":"<p>Eine Verstreuung kann nur nach erfolgter Kremation durchgef\u00fchrt werden. In Deutschland gibt es inzwischen ein paar Friedh\u00f6fe, auf denen eine Verstreuung der Asche m\u00f6glich ist. Allerdings, geh\u00f6rt diese Art der Bestattung noch nicht zum Standard und die meisten Friedh\u00f6fe, die diese M\u00f6glichkeit anbieten, liegen im Osten von Deutschland. Hier ist man mit der Feuerbestattung bei &hellip; <a href=\"https:\/\/grabkarte.de\/staging\/verstreuung-4\/\" class=\"more-link\">Continue reading<span class=\"screen-reader-text\"> &#8220;Verstreuung&#8221;<\/span><\/a><\/p>\n","protected":false},"author":1,"featured_media":0,"parent":0,"menu_order":0,"comment_status":"closed","ping_status":"closed","template":"","meta":{"footnotes":""},"class_list":["post-2976","page","type-page","status-publish","hentry"],"_links":{"self":[{"href":"https:\/\/grabkarte.de\/staging\/wp-json\/wp\/v2\/pages\/2976"}],"collection":[{"href":"https:\/\/grabkarte.de\/staging\/wp-json\/wp\/v2\/pages"}],"about":[{"href":"https:\/\/grabkarte.de\/staging\/wp-json\/wp\/v2\/types\/page"}],"author":[{"embeddable":true,"href":"https:\/\/grabkarte.de\/staging\/wp-json\/wp\/v2\/users\/1"}],"replies":[{"embeddable":true,"href":"https:\/\/grabkarte.de\/staging\/wp-json\/wp\/v2\/comments?post=2976"}],"version-history":[{"count":3,"href":"https:\/\/grabkarte.de\/staging\/wp-json\/wp\/v2\/pages\/2976\/revisions"}],"predecessor-version":[{"id":3045,"href":"https:\/\/grabkarte.de\/staging\/wp-json\/wp\/v2\/pages\/2976\/revisions\/3045"}],"wp:attachment":[{"href":"https:\/\/grabkarte.de\/staging\/wp-json\/wp\/v2\/media?parent=2976"}],"curies":[{"name":"wp","href":"https:\/\/api.w.org\/{rel}","templated":true}]}}