{"id":2978,"date":"2023-10-17T12:06:34","date_gmt":"2023-10-17T12:06:34","guid":{"rendered":"https:\/\/grabkarte.de\/staging\/?page_id=2978"},"modified":"2023-11-01T13:34:53","modified_gmt":"2023-11-01T13:34:53","slug":"ballonbestattung","status":"publish","type":"page","link":"https:\/\/grabkarte.de\/staging\/ballonbestattung\/","title":{"rendered":"Ballonbestattung"},"content":{"rendered":"<p>Die Ballonbestattung, ist wie alle Bestattungen, die man mit der Grabkarte realisieren kann, nur nach erfolgter Kremation m\u00f6glich.<\/p><p>Vielleicht m\u00f6chten Sie irgendwann einen Teil der Asche zu einem sch\u00f6nen Ort bringen, an dem die verstorbene Person wundersch\u00f6ne Zeiten erlebt oder einmal von einem gigantischen Urlaub erz\u00e4hlt hat.<br>Es k\u00f6nnte auch sein, dass Sie z. B. Ihre Eltern, die im Regelfall nicht beide am selben Tag sterben, gemeinsam an so einen sch\u00f6nen Ort bringen m\u00f6chten.<\/p><p>Behalten Sie sich einfach die M\u00f6glichkeiten offen, indem Sie sich f\u00fcr die Grabkarte entscheiden, mit der Sie alle diese Dinge ber\u00fccksichtigen k\u00f6nnen.<\/p><figure class=\"wp-block-table\"><table class=\"has-fixed-layout\"><tbody><tr><td><img fetchpriority=\"high\" decoding=\"async\" width=\"500\" height=\"356\" class=\"wp-image-3037\" style=\"width: 500px;\" src=\"https:\/\/grabkarte.de\/staging\/wp-content\/uploads\/2023\/10\/Ballonbestattung-PDF.jpg\" alt=\"\"><\/td><td>Fahren Sie an einen sch\u00f6nen Ort und realisieren Sie Ihre Verabschiedung.<br>Sie k\u00f6nnen agieren, wann Sie es m\u00f6chten. Hier gibt es keine Einschr\u00e4nkungen bzgl. der Termine.<br>Sie k\u00f6nnen mehrere Ballons bef\u00fcllen, wie im Bild oder auch nur einen Ballon und mit dem Rest der Asche realisieren Sie andere Dinge.<br>Tun Sie das, was Sie brauchen!<br>Es geht um Sie und alle Menschen, die mit dem Verlust leben lernen m\u00fcssen!<\/td><\/tr><\/tbody><\/table><\/figure><p>Beugen Sie sich nicht den unmenschlichen Zw\u00e4ngen die unser Gesetzgeber uns auf die Augen dr\u00fccken m\u00f6chte. Diese machen weder Sinn, noch k\u00f6nnen sie logisch begr\u00fcndet werden.<\/p><p>Nur wenn der Gesetzgeber irgendwann realisiert, dass Menschen dennoch das tun, was in Deutschland eigentlich noch nicht erlaubt ist, wird unser Gesetzgeber zwangsl\u00e4ufig mit der Situation konfrontiert und beginnen sich dar\u00fcber Gedanken zu machen.<\/p><p>Das waren in einem TV-Bericht des WDR die Worte der damaligen Ministerin \u2013 Barbara Steffens&nbsp;\u2013, die in NRW f\u00fcr die Bestattungsgesetze zust\u00e4ndig war. Sie sagte auf die Nachfrage zum Thema zu Herrn K\u00f6nnes: \u201eWir werden dar\u00fcber nachdenken, wenn alle es wollen.\u201c Das war im Jahr 2013.<\/p><p>Was hat sie sich dabei gedacht, wenn \u00fcberhaupt?<\/p><p>Wann haben in Deutschland die Menschen schon mal alle das gleiche gewollt?<\/p><p>Die Vielf\u00e4ltigkeit ist doch das, was uns als Individuen auszeichnet. Alle unsere W\u00fcnsche sind unterschiedlich und warum m\u00fcssen sie im Tod auf einmal so gleich sein?<\/p><p>Totenasche ist kein kontaminiertes Material! Es sind die gemahlenen Knochen eines verstorbenen Menschen.<\/p><p>Ob bei Verstreuung in der Natur, im See oder Fluss, dem Menschen kann dadurch kein Schaden entstehen.<\/p><p>Bei der Kremation passiert das, was bei einer Erdbestattung ca. 20&nbsp;Jahre dauert, es bleiben nur die Knochen \u00fcbrig und die H\u00fclle ist weg. Das ist der Grund, warum es in anderen L\u00e4ndern auch diese Bestattungspflicht nicht gibt.<\/p><p><strong>Fazit:<br><\/strong>Eine \u00dcberlegung, was Ihre W\u00fcnsche und die der n\u00e4chsten Angeh\u00f6rigen sind, ist es immer wert. Hoffentlich k\u00f6nnen wir Ihnen, mit der Erl\u00e4uterung zu den diversen M\u00f6glichkeiten nach einer Kremation, ein paar Anregungen geben.<\/p>","protected":false},"excerpt":{"rendered":"<p>Die Ballonbestattung, ist wie alle Bestattungen, die man mit der Grabkarte realisieren kann, nur nach erfolgter Kremation m\u00f6glich. Vielleicht m\u00f6chten Sie irgendwann einen Teil der Asche zu einem sch\u00f6nen Ort bringen, an dem die verstorbene Person wundersch\u00f6ne Zeiten erlebt oder einmal von einem gigantischen Urlaub erz\u00e4hlt hat.Es k\u00f6nnte auch sein, dass Sie z. B. Ihre &hellip; <a href=\"https:\/\/grabkarte.de\/staging\/ballonbestattung\/\" class=\"more-link\">Continue reading<span class=\"screen-reader-text\"> &#8220;Ballonbestattung&#8221;<\/span><\/a><\/p>\n","protected":false},"author":1,"featured_media":0,"parent":0,"menu_order":0,"comment_status":"closed","ping_status":"closed","template":"","meta":{"footnotes":""},"class_list":["post-2978","page","type-page","status-publish","hentry"],"_links":{"self":[{"href":"https:\/\/grabkarte.de\/staging\/wp-json\/wp\/v2\/pages\/2978"}],"collection":[{"href":"https:\/\/grabkarte.de\/staging\/wp-json\/wp\/v2\/pages"}],"about":[{"href":"https:\/\/grabkarte.de\/staging\/wp-json\/wp\/v2\/types\/page"}],"author":[{"embeddable":true,"href":"https:\/\/grabkarte.de\/staging\/wp-json\/wp\/v2\/users\/1"}],"replies":[{"embeddable":true,"href":"https:\/\/grabkarte.de\/staging\/wp-json\/wp\/v2\/comments?post=2978"}],"version-history":[{"count":5,"href":"https:\/\/grabkarte.de\/staging\/wp-json\/wp\/v2\/pages\/2978\/revisions"}],"predecessor-version":[{"id":3080,"href":"https:\/\/grabkarte.de\/staging\/wp-json\/wp\/v2\/pages\/2978\/revisions\/3080"}],"wp:attachment":[{"href":"https:\/\/grabkarte.de\/staging\/wp-json\/wp\/v2\/media?parent=2978"}],"curies":[{"name":"wp","href":"https:\/\/api.w.org\/{rel}","templated":true}]}}