{"id":2980,"date":"2023-10-19T13:49:57","date_gmt":"2023-10-19T13:49:57","guid":{"rendered":"https:\/\/grabkarte.de\/staging\/?page_id=2980"},"modified":"2023-10-26T12:26:45","modified_gmt":"2023-10-26T12:26:45","slug":"urne-zu-hause-3","status":"publish","type":"page","link":"https:\/\/grabkarte.de\/staging\/urne-zu-hause-3\/","title":{"rendered":"Urne zu Hause"},"content":{"rendered":"<p><strong>Totenasche zur freien Verf\u00fcgung oder kurz Urne zu Hause<\/strong><\/p><p>Die Kremation ist die Voraussetzung f\u00fcr diese M\u00f6glichkeit.<\/p><p>Mit dieser Variante haben Sie alle Arten f\u00fcr eine Beisetzung offen. Sie k\u00f6nnen total frei agieren. Sie k\u00f6nnen sogar die Asche aufteilen, f\u00fcr mehrere Personen, die Asche haben m\u00f6chten.<\/p><figure class=\"wp-block-table\"><table class=\"has-fixed-layout\"><tbody><tr><td><img fetchpriority=\"high\" decoding=\"async\" width=\"500\" height=\"335\" class=\"wp-image-3040\" style=\"width: 500px;\" src=\"https:\/\/grabkarte.de\/staging\/wp-content\/uploads\/2023\/10\/Urne-zu-Hause-PDF-1.jpg\" alt=\"\" srcset=\"https:\/\/grabkarte.de\/staging\/wp-content\/uploads\/2023\/10\/Urne-zu-Hause-PDF-1.jpg 762w, https:\/\/grabkarte.de\/staging\/wp-content\/uploads\/2023\/10\/Urne-zu-Hause-PDF-1-300x201.jpg 300w, https:\/\/grabkarte.de\/staging\/wp-content\/uploads\/2023\/10\/Urne-zu-Hause-PDF-1-400x268.jpg 400w\" sizes=\"(max-width: 500px) 85vw, 500px\" \/><\/td><td>Auf dem Bild zu sehen, ein Eigengrab f\u00fcr 2 Urnen, wobei sich dann die W\u00fcnsche der Angeh\u00f6rigen \u2013 Sohn und Schwiegertochter\u00a0\u2013 sp\u00e4ter ge\u00e4ndert haben. War ein Kraftakt, die Asche vom Friedhof zu bekommen, damit die Eltern dann bei den Kindern im Garten ihre letzte Ruhe finden konnten. Wie man unschwer erkennen kann, ist das neue Grab eine Augenweide. Und wenn die Eheleute auf der Terrasse sitzen, dann ist die Ruhest\u00e4tte der Eltern gleich in Sichtweite.<\/td><\/tr><\/tbody><\/table><\/figure><p>Auf dem Bild zu sehen, ein Eigengrab f\u00fcr 2 Urnen, wobei sich dann die W\u00fcnsche der Angeh\u00f6rigen \u2013 Sohn und Schwiegertochter&nbsp;\u2013 sp\u00e4ter ge\u00e4ndert haben. War ein Kraftakt, die Asche vom Friedhof zu bekommen, damit die Eltern dann bei den Kindern im Garten ihre letzte Ruhe finden konnten. Wie man unschwer erkennen kann, ist das neue Grab eine Augenweide. Und wenn die Eheleute auf der Terrasse sitzen, dann ist die Ruhest\u00e4tte der Eltern gleich in Sichtweite.<\/p><p>Bisher hat auch noch nie jemand gestutzt, denn es ist absolut nicht als Grabst\u00e4tte erkennbar.<br>Aber es wird immer erz\u00e4hlt und viele Menschen finden diese M\u00f6glichkeit gro\u00dfartig.<\/p><figure class=\"wp-block-table\"><table class=\"has-fixed-layout\"><tbody><tr><td>Bei dem nebenstehenden Bild ist es \u00e4hnlich. Hier wurde auch eine geliebte Person nach Hause geholt und fand im Garten ihre letzte Ruhest\u00e4tte.<br>Eine wundersch\u00f6ne Idee. Wahrscheinlich als Grab auf dem Friedhof vor Ort, w\u00e4re es so nicht m\u00f6glich gewesen.<br>Wenn doch, dann garantiert sehr teuer, denn es gibt viele Auflagen auf Friedh\u00f6fen.<\/td><td><img decoding=\"async\" width=\"500\" height=\"264\" class=\"wp-image-3041\" style=\"width: 500px;\" src=\"https:\/\/grabkarte.de\/staging\/wp-content\/uploads\/2023\/10\/Urne-zu-Hause-PDF-2.jpg\" alt=\"\" srcset=\"https:\/\/grabkarte.de\/staging\/wp-content\/uploads\/2023\/10\/Urne-zu-Hause-PDF-2.jpg 738w, https:\/\/grabkarte.de\/staging\/wp-content\/uploads\/2023\/10\/Urne-zu-Hause-PDF-2-300x158.jpg 300w, https:\/\/grabkarte.de\/staging\/wp-content\/uploads\/2023\/10\/Urne-zu-Hause-PDF-2-400x211.jpg 400w\" sizes=\"(max-width: 500px) 85vw, 500px\" \/><\/td><\/tr><\/tbody><\/table><\/figure><p>Sie kennen sicherlich die Situation, dass in einer Familie oft die Meinungen zur Beisetzungsart weit auseinander gehen.<\/p><p>Leider verf\u00fcgen oft die \u00e4lteren Personen \u2013 Oma, Opa, Mutter, Vater \u2013 dass eine ganz einfache anonyme Beisetzung gemacht werden soll.<\/p><p>Das ist allerdings oft nicht der wirkliche Wunsch dieser Menschen. Der Hintergrund ist in der Situation zu sehen, dass diese Personen f\u00fcr die Eltern bzw. Gro\u00dfeltern, in fr\u00fcheren Jahren schon eine lange Zeit, bis zu 25 Jahren und mehr, eine Grabpflege geleistet haben.<\/p><p>Das m\u00f6chten Sie der j\u00fcngeren Generation, mit ihren W\u00fcnschen, dann ersparen und so kommen diese sonderbaren W\u00fcnsche zu Stande. Deshalb ist oft der Wunsch dann auch der Friedwald oder Ruheforst oder eben auch eine Seebestattung.<\/p><p>Sie m\u00fcssen dar\u00fcber nachdenken, was Sie wirklich brauchen um mit einem Verlust leben zu lernen und da kann es sehr hilfreich sein, wenn man eine gewisse Zeit, die hier nicht mit einer bestimmten Anzahl von Jahren definiert werden soll, die Totenasche bei sich behalten k\u00f6nnen.<\/p><p>Jeder Mensch ist anders und jeder trauert anders.<br>Leider werden die Menschen in Deutschland zu Dingen gezwungen, die ihnen nicht guttun.<\/p><p>Man bedenkt auch nicht, dass unterschiedliche Personen, unterschiedliche W\u00fcnsche haben. Man wird nur dem gerecht, was den St\u00e4dten und Kommunen Geld bringt. Bis in Deutschland sich in dieser Richtung etwas \u00e4ndert, werden sich noch viele Jahre vergehen.<\/p><p>Die Menschen von heute, leben auch nicht unbedingt alle am selben Ort, wie das fr\u00fcher \u00fcblich war. Die Streitigkeiten bzgl. der Pflege und Kosten sind vorprogrammiert. Diese Situationen sind uns allen sicher schon zu Ohren gekommen. Wir denken dann: \u201eDas wird bei uns nie passieren.\u201c Allerdings kann es, wenn mehrere Personen in der Situation sind und gleichberechtigt verf\u00fcgen k\u00f6nnen, schneller passieren als Sie denken.<\/p><p>Mit der Grabkarte k\u00f6nnen Sie sich davor sch\u00fctzen und damit k\u00f6nnen Sie auch sehr viel Geld sparen. Das ist ein wundervoller Nebeneffekt.<\/p><p>Ebenso h\u00f6rt man immer wieder, dass die Kosten f\u00fcr die Bestattung von Person XY schon vor 5 und mehr Jahren locker 8.000 \u20ac bis \u00fcber 10.000 \u20ac gekostet haben.<\/p><p>Wer die Totenasche zur freien Verf\u00fcgung hat, der kann z. B. auch den Personen gerecht werden, die die Beisetzung auf dem Friedhof haben m\u00f6chten.<\/p><p>Ist doch ganz einfach zu realisieren.<\/p><ol class=\"wp-block-list\" type=\"1\"><li>Die Person, die die Asche haben m\u00f6chte, zahlt den Betrag f\u00fcr die Grabkarte. Aktuell 290&nbsp;\u20ac und damit sind dann alle M\u00f6glichkeiten offen.<\/li><\/ol><ul class=\"wp-block-list\"><li>Wer dann einen Teil auf einem Friedhof beisetzen m\u00f6chte, evtl. in einem Familiengrab oder auch nur weil diese Person das unbedingt so f\u00fcr die Verarbeitung braucht, der zahlt dann die entstehenden Friedhofskosten und alles was mit diesem Grab zusammenh\u00e4ngt.<br>Hierbei k\u00f6nnen dann zwar locker 1.000 \u20ac und weitaus mehr n\u00f6tig sein aber wenn das gew\u00fcnscht wird, dann wird die Person das doch auch gerne tragen.<\/li><\/ul><ul class=\"wp-block-list\"><li>Die restlichen Kosten f\u00fcr den Bestatter sowie die weiteren gew\u00fcnschten Dinge, wie eine Feierlichkeit, werden dann auf die Personen, die die Bestattungspflicht haben, aufgeteilt.<\/li><\/ul><p><strong>Fazit:<br><\/strong>Wer sich fr\u00fchzeitig mit dem Thema Tod besch\u00e4ftigt, der wird erkennen, dass die gesamten \u00dcberlegungen die mit dem Tod zu tun haben, nur Vorteile hat.<\/p><p>In der Situation, wenn der Tod eingetreten ist, sind ganz viele Menschen gar nicht mehr in der Lage einen klaren Gedanken zu fassen.<\/p>","protected":false},"excerpt":{"rendered":"<p>Totenasche zur freien Verf\u00fcgung oder kurz Urne zu Hause Die Kremation ist die Voraussetzung f\u00fcr diese M\u00f6glichkeit. Mit dieser Variante haben Sie alle Arten f\u00fcr eine Beisetzung offen. Sie k\u00f6nnen total frei agieren. Sie k\u00f6nnen sogar die Asche aufteilen, f\u00fcr mehrere Personen, die Asche haben m\u00f6chten. Auf dem Bild zu sehen, ein Eigengrab f\u00fcr 2 &hellip; <a href=\"https:\/\/grabkarte.de\/staging\/urne-zu-hause-3\/\" class=\"more-link\">Continue reading<span class=\"screen-reader-text\"> &#8220;Urne zu Hause&#8221;<\/span><\/a><\/p>\n","protected":false},"author":1,"featured_media":0,"parent":0,"menu_order":0,"comment_status":"closed","ping_status":"closed","template":"","meta":{"footnotes":""},"class_list":["post-2980","page","type-page","status-publish","hentry"],"_links":{"self":[{"href":"https:\/\/grabkarte.de\/staging\/wp-json\/wp\/v2\/pages\/2980"}],"collection":[{"href":"https:\/\/grabkarte.de\/staging\/wp-json\/wp\/v2\/pages"}],"about":[{"href":"https:\/\/grabkarte.de\/staging\/wp-json\/wp\/v2\/types\/page"}],"author":[{"embeddable":true,"href":"https:\/\/grabkarte.de\/staging\/wp-json\/wp\/v2\/users\/1"}],"replies":[{"embeddable":true,"href":"https:\/\/grabkarte.de\/staging\/wp-json\/wp\/v2\/comments?post=2980"}],"version-history":[{"count":3,"href":"https:\/\/grabkarte.de\/staging\/wp-json\/wp\/v2\/pages\/2980\/revisions"}],"predecessor-version":[{"id":3042,"href":"https:\/\/grabkarte.de\/staging\/wp-json\/wp\/v2\/pages\/2980\/revisions\/3042"}],"wp:attachment":[{"href":"https:\/\/grabkarte.de\/staging\/wp-json\/wp\/v2\/media?parent=2980"}],"curies":[{"name":"wp","href":"https:\/\/api.w.org\/{rel}","templated":true}]}}