{"id":2982,"date":"2023-10-19T13:50:34","date_gmt":"2023-10-19T13:50:34","guid":{"rendered":"https:\/\/grabkarte.de\/staging\/?page_id=2982"},"modified":"2023-10-26T12:43:50","modified_gmt":"2023-10-26T12:43:50","slug":"flussbestattung-3","status":"publish","type":"page","link":"https:\/\/grabkarte.de\/staging\/flussbestattung-3\/","title":{"rendered":"Flussbestattung"},"content":{"rendered":"<p>Voraussetzung f\u00fcr eine Flussbestattung ist die Kremation.<\/p><p>Die Flussbestattung ist in Deutschland nicht erlaubt!<\/p><p>Sie ist, wie auch die Seebestattung die Art der Beisetzung, die letztlich keine M\u00f6glichkeiten einer \u00c4nderung mehr zul\u00e4sst. Man muss sich dar\u00fcber im Klaren sein, dass es kein Zur\u00fcck mehr nach einer Beisetzung gibt.<\/p><p>In den Niederlanden setzen wir im Regelfall in der Maas bei. Nat\u00fcrlich sind auch Roer und Rhein m\u00f6glich, sowie jeder Fluss den Sie nutzen m\u00f6chten.<\/p><p>Es gibt unterschiedliche Arten, wie man die Flussbestattung ausf\u00fchren kann.<\/p><ul class=\"wp-block-list\"><li>Die Asche wird von einer Br\u00fccke, vom Uferrand oder an einem Wasserfall ins Wasser gegeben. Entweder mit einer Verstreuurne oder aus der Aschenkapsel.<\/li><\/ul><ul class=\"wp-block-list\"><li>Die Asche kann auch aus einem Boot ins Wasser gegeben werden.<\/li><\/ul><ul class=\"wp-block-list\"><li>Beide Arten sind wahlweise mit und ohne Angeh\u00f6rige m\u00f6glich. Nat\u00fcrlich k\u00f6nnen Sie auch eine solche Beisetzung selbst durchf\u00fchren.<\/li><\/ul><figure class=\"wp-block-table aligncenter\"><table class=\"has-fixed-layout\"><tbody><tr><td><img fetchpriority=\"high\" decoding=\"async\" width=\"350\" height=\"234\" class=\"wp-image-3051\" style=\"width: 350px;\" src=\"https:\/\/grabkarte.de\/staging\/wp-content\/uploads\/2023\/10\/Flussbestattung-PDF-1.jpg\" alt=\"\" srcset=\"https:\/\/grabkarte.de\/staging\/wp-content\/uploads\/2023\/10\/Flussbestattung-PDF-1.jpg 607w, https:\/\/grabkarte.de\/staging\/wp-content\/uploads\/2023\/10\/Flussbestattung-PDF-1-300x200.jpg 300w, https:\/\/grabkarte.de\/staging\/wp-content\/uploads\/2023\/10\/Flussbestattung-PDF-1-400x267.jpg 400w\" sizes=\"(max-width: 350px) 85vw, 350px\" \/><\/td><td><img decoding=\"async\" width=\"180\" height=\"228\" class=\"wp-image-3052\" style=\"width: 180px;\" src=\"https:\/\/grabkarte.de\/staging\/wp-content\/uploads\/2023\/10\/Flussbestattung-PDF-2.png\" alt=\"\"><\/td><td><img decoding=\"async\" width=\"200\" height=\"220\" class=\"wp-image-3053\" style=\"width: 200px;\" src=\"https:\/\/grabkarte.de\/staging\/wp-content\/uploads\/2023\/10\/Flussbestattung-PDF-3.png\" alt=\"\"><\/td><\/tr><\/tbody><\/table><\/figure><p>Wenn Sie mit der Grabkarte agieren, dann haben Sie alle M\u00f6glichkeiten offen und k\u00f6nnen die Beisetzung selbst in die Hand nehmen. Nat\u00fcrlich ist auch die Zeit offen und Sie k\u00f6nnen die Asche auch in Deutschland in einen Fluss geben.<\/p><p>Der Rhein, die Mosel, die Isar sowie jeder Bergbach oder jeder kleinere Fluss kann Asche aufnehmen. Sie ist sauber und tut dem Gew\u00e4sser nicht weh.<\/p><p>Wobei Sie in Deutschland dann nicht mit der Aschenkapsel vor Ort sein sollten. Da gibt es gen\u00fcgend M\u00f6glichkeiten und wir m\u00fcssen dazu sicherlich niemandem erz\u00e4hlen was gemeint ist.<\/p><p><strong><em>Flussbestattung in Deutschland mit Grabkarte m\u00f6glich<\/em><\/strong><\/p><p>Alles, was wir heute f\u00fcr richtig ansehen und glauben, dass wir damit leben k\u00f6nnen, kann in der Zukunft anders aussehen.<\/p><p>Mit der Grabkarte k\u00f6nnen Sie einen Teil der Asche behalten und mit dem anderen Teil eine Flussbestattung realisieren.<\/p><p>Diese M\u00f6glichkeit ist besonders wichtig, da niemand in die Zukunft schauen kann.<\/p><p><strong>Fazit:<br><\/strong>\u00dcberlegt handeln ist genau wie bei einer Seebestattung auch bei der Flussbestattung enorm wichtig. Es \u00fcberhaupt zu wissen, ist schon sehr viel wert.<\/p><p>Sie k\u00f6nnen durch das Teilen der Asche somit auch evtl. dem Wunsch des Verstorbenen mit der Bestattung in einem Gew\u00e4sser nachkommen und einen Teil behalten oder agieren, wie Sie es f\u00fcr sich brauchen.<\/p>","protected":false},"excerpt":{"rendered":"<p>Voraussetzung f\u00fcr eine Flussbestattung ist die Kremation. Die Flussbestattung ist in Deutschland nicht erlaubt! Sie ist, wie auch die Seebestattung die Art der Beisetzung, die letztlich keine M\u00f6glichkeiten einer \u00c4nderung mehr zul\u00e4sst. Man muss sich dar\u00fcber im Klaren sein, dass es kein Zur\u00fcck mehr nach einer Beisetzung gibt. In den Niederlanden setzen wir im Regelfall &hellip; <a href=\"https:\/\/grabkarte.de\/staging\/flussbestattung-3\/\" class=\"more-link\">Continue reading<span class=\"screen-reader-text\"> &#8220;Flussbestattung&#8221;<\/span><\/a><\/p>\n","protected":false},"author":1,"featured_media":0,"parent":0,"menu_order":0,"comment_status":"closed","ping_status":"closed","template":"","meta":{"footnotes":""},"class_list":["post-2982","page","type-page","status-publish","hentry"],"_links":{"self":[{"href":"https:\/\/grabkarte.de\/staging\/wp-json\/wp\/v2\/pages\/2982"}],"collection":[{"href":"https:\/\/grabkarte.de\/staging\/wp-json\/wp\/v2\/pages"}],"about":[{"href":"https:\/\/grabkarte.de\/staging\/wp-json\/wp\/v2\/types\/page"}],"author":[{"embeddable":true,"href":"https:\/\/grabkarte.de\/staging\/wp-json\/wp\/v2\/users\/1"}],"replies":[{"embeddable":true,"href":"https:\/\/grabkarte.de\/staging\/wp-json\/wp\/v2\/comments?post=2982"}],"version-history":[{"count":3,"href":"https:\/\/grabkarte.de\/staging\/wp-json\/wp\/v2\/pages\/2982\/revisions"}],"predecessor-version":[{"id":3054,"href":"https:\/\/grabkarte.de\/staging\/wp-json\/wp\/v2\/pages\/2982\/revisions\/3054"}],"wp:attachment":[{"href":"https:\/\/grabkarte.de\/staging\/wp-json\/wp\/v2\/media?parent=2982"}],"curies":[{"name":"wp","href":"https:\/\/api.w.org\/{rel}","templated":true}]}}