{"id":2984,"date":"2023-10-19T13:51:37","date_gmt":"2023-10-19T13:51:37","guid":{"rendered":"https:\/\/grabkarte.de\/staging\/?page_id=2984"},"modified":"2023-10-26T12:58:31","modified_gmt":"2023-10-26T12:58:31","slug":"erdbestattung","status":"publish","type":"page","link":"https:\/\/grabkarte.de\/staging\/erdbestattung\/","title":{"rendered":"Erdbestattung"},"content":{"rendered":"<p>Wir sind keine Fachleute, wenn es um Erdbestattungen geht, daher k\u00f6nnen wir Ihnen nur ein paar allgemeine Informationen zu diesem Thema anbieten und hoffen, dass diese Ihnen als Entscheidungshilfe dienen k\u00f6nnen.<\/p><p>Jeder, der diese Art der Bestattung w\u00fcnscht, kann nat\u00fcrlich \u00fcber uns auch einen sehr guten und g\u00fcnstigen Bestatter an die Hand bekommen. Bestatter, mit denen wir arbeiten, sind auf allen Gebieten der Bestattung Fachleute, die seit vielen Jahren ihr Handwerk zur Zufriedenheit der Angeh\u00f6rigen erledigen.<\/p><p>Es sind allerdings auch Bestatter, die immer ein offenes Ohr f\u00fcr die etwas anderen W\u00fcnsche der Auftraggeber haben. Das lieben wir so sehr an diesen Bestattern.<\/p><p>Lassen Sie sich von dem Bestatter immer einen Kostenvoranschlag f\u00fcr die komplette Abwicklung der Bestattung geben.<\/p><p>Es geh\u00f6ren, wie bei allen Arten der Bestattung ein paar Dinge dazu:<\/p><ol class=\"wp-block-list\" type=\"1\"><li>Die Bestatterleistung<\/li>\n\n<li>Die Friedhofsleistung \u2013 Beisetzung und Grabkosten<\/li>\n\n<li>Auf Wunsch die Gestaltung einer Gedenkfeier \u2013 hei\u00dft in Deutschland \u201eTrauerfeier\u201c wobei wir nicht wissen, wie man Trauer feiern kann.<\/li><\/ol><p>Ganz wichtig: Lesen Sie die Friedhofssatzung um zu wissen, worauf Sie sich einlassen.<\/p><p>Denken Sie daran, dass Sie entweder ein \u201ePflegefreies Grab\u201c w\u00e4hlen, um nicht sp\u00e4ter, wenn Sie die Grabpflege nicht mehr leisten k\u00f6nnen, viel Geld f\u00fcr eine Grabpflege zahlen m\u00fcssen. Alternativ kalkulieren Sie bei einer anderen Art des Grabes die Kosten f\u00fcr die Grabpflege ein. K\u00f6nnen im Jahr ganz locker 400 \u20ac sein.<\/p><p>Entscheiden Sie zwischen Wahl- und Reihengrab und der Anzahl der Pl\u00e4tze f\u00fcr die weiteren Beisetzungen. Lassen Sie sich alle entstehenden Kosten aufschl\u00fcsseln. Fragen Sie auch danach, wie sich die Kosten berechnen, wenn in einem Grab f\u00fcr mehrere Personen, eine Beisetzung evtl. erst 10 Jahre nach der vorgeschriebenen Ruhezeit der letzten Beisetzung erfolgt. Das kann richtig teuer werden!<\/p><p>Insbesondere auch die Kosten, wenn Sie das Grab irgendwann nicht mehr haben m\u00f6chten und den Vertrag k\u00fcndigen. Hier fallen n\u00e4mlich auf ganz vielen Friedh\u00f6fen die Kosten der Grabr\u00e4umung auch noch an.<\/p><p>Sprechen Sie mit dem Steinmetz, welche Kosten f\u00fcr Grabumrandung und Grabstein oder Grabplatte auf Sie zukommen. Im Regelfall muss das auch alles genehmigt werden.<\/p><p>Wenn Sie sich f\u00fcr diese Beisetzungsart entschieden haben, dann ist kaum mehr etwas Anderes m\u00f6glich. Wenn doch, dann recht schwierig und die Kosten sind auch entsprechend hoch.<\/p><figure class=\"wp-block-table\"><table class=\"has-fixed-layout\"><tbody><tr><td><img fetchpriority=\"high\" decoding=\"async\" width=\"500\" height=\"308\" class=\"wp-image-3056\" style=\"width: 500px;\" src=\"https:\/\/grabkarte.de\/staging\/wp-content\/uploads\/2023\/10\/Erdbestattung-PDF.jpg\" alt=\"\" srcset=\"https:\/\/grabkarte.de\/staging\/wp-content\/uploads\/2023\/10\/Erdbestattung-PDF.jpg 320w, https:\/\/grabkarte.de\/staging\/wp-content\/uploads\/2023\/10\/Erdbestattung-PDF-300x185.jpg 300w\" sizes=\"(max-width: 500px) 85vw, 500px\" \/><\/td><td>Diese Art von Gr\u00e4bern kennen wir sicher alle und es bedarf keiner weiteren Ausf\u00fchrung dazu.<br>Allerdings haben Friedh\u00f6fe oft kuriose Satzungen. Da k\u00f6nnen Sie noch lange nicht machen was Sie m\u00f6chten.<br>Beispielsweise darf man evtl. keine Kieselsteine auf dem Grab haben.<br>Geht man in den n\u00e4chsten Ort, da ist es erlaubt. Also, vorher schlau machen!<\/td><\/tr><\/tbody><\/table><\/figure><p><strong>Fazit:<br><\/strong>Hoffe, wir konnten Ihnen mit der Erl\u00e4uterung zu einigen der M\u00f6glichkeiten, ein bisschen helfen.<\/p>","protected":false},"excerpt":{"rendered":"<p>Wir sind keine Fachleute, wenn es um Erdbestattungen geht, daher k\u00f6nnen wir Ihnen nur ein paar allgemeine Informationen zu diesem Thema anbieten und hoffen, dass diese Ihnen als Entscheidungshilfe dienen k\u00f6nnen. Jeder, der diese Art der Bestattung w\u00fcnscht, kann nat\u00fcrlich \u00fcber uns auch einen sehr guten und g\u00fcnstigen Bestatter an die Hand bekommen. Bestatter, mit &hellip; <a href=\"https:\/\/grabkarte.de\/staging\/erdbestattung\/\" class=\"more-link\">Continue reading<span class=\"screen-reader-text\"> &#8220;Erdbestattung&#8221;<\/span><\/a><\/p>\n","protected":false},"author":1,"featured_media":0,"parent":0,"menu_order":0,"comment_status":"closed","ping_status":"closed","template":"","meta":{"footnotes":""},"class_list":["post-2984","page","type-page","status-publish","hentry"],"_links":{"self":[{"href":"https:\/\/grabkarte.de\/staging\/wp-json\/wp\/v2\/pages\/2984"}],"collection":[{"href":"https:\/\/grabkarte.de\/staging\/wp-json\/wp\/v2\/pages"}],"about":[{"href":"https:\/\/grabkarte.de\/staging\/wp-json\/wp\/v2\/types\/page"}],"author":[{"embeddable":true,"href":"https:\/\/grabkarte.de\/staging\/wp-json\/wp\/v2\/users\/1"}],"replies":[{"embeddable":true,"href":"https:\/\/grabkarte.de\/staging\/wp-json\/wp\/v2\/comments?post=2984"}],"version-history":[{"count":3,"href":"https:\/\/grabkarte.de\/staging\/wp-json\/wp\/v2\/pages\/2984\/revisions"}],"predecessor-version":[{"id":3057,"href":"https:\/\/grabkarte.de\/staging\/wp-json\/wp\/v2\/pages\/2984\/revisions\/3057"}],"wp:attachment":[{"href":"https:\/\/grabkarte.de\/staging\/wp-json\/wp\/v2\/media?parent=2984"}],"curies":[{"name":"wp","href":"https:\/\/api.w.org\/{rel}","templated":true}]}}