{"id":2986,"date":"2023-10-19T13:52:26","date_gmt":"2023-10-19T13:52:26","guid":{"rendered":"https:\/\/grabkarte.de\/staging\/?page_id=2986"},"modified":"2023-10-26T13:04:00","modified_gmt":"2023-10-26T13:04:00","slug":"evertree-co","status":"publish","type":"page","link":"https:\/\/grabkarte.de\/staging\/evertree-co\/","title":{"rendered":"Evertree &#038; Co"},"content":{"rendered":"<p>Vor einiger Zeit gab es in \u201eDie H\u00f6hle der L\u00f6wen\u201c ein Geschwisterpaar \u2013 Helena und Andreas Hohnke \u2013 die eine Biourne mit dem Samen eines Baumes vermarkten wollten.<\/p><p>Sie fanden im Investor, Nils Glagau, den einzigen, der sich mit 75.000 \u20ac zu 33 %, so war zumindest das Angebot der Geschwister, bereit erkl\u00e4rt hat, sich zu engagieren und f\u00fcr die Idee stark zu machen.<\/p><p>Wenn man sich jetzt auf ihrer <a href=\"https:\/\/shop.evertree.de\" data-type=\"link\" data-id=\"https:\/\/shop.evertree.de\">Seite im Shop<\/a> umschaut, ist klar zu erkennen, dass dieser Weg preislich auch nicht g\u00fcnstig ist.<\/p><p>Absolut nicht zu verstehen, warum die Urne so teuer sein muss?<br>Heute ist jede Aschenkapsel, aus den Krematorien in ganz Deutschland, aus Biomaterial und diese Aschekapseln sind im Preis der Kremation enthalten.<\/p><p>Da wir inzwischen schon seit 2002 in dem Metier agieren, kennen wir nat\u00fcrlich die Preise von Urnen und Aschenkapseln ebenso wie viele andere Preise die mit einer Bestattung zu tun haben.<\/p><p>Klar, Zierurnen, die von Hand gemacht werden und evtl. mit Blattgold belegt werden, die k\u00f6nnen ganz sch\u00f6n teuer sein. Ebenso wird jeder etwas verdienen wollen. Ist einfach eine Frage, wieviel.<\/p><p>Aber das, was wir da sehen, das liegt nicht im oberen Preissegment in der Herstellung.<\/p><p>Wenn wir jemandem etwas zu B\u00e4umen und Totenasche erkl\u00e4ren, dann h\u00f6rt sich das so an: \u201eHolen Sie sich \u00fcber die Niederlande die Asche nach Hause. Dann k\u00f6nnen Sie tun und lassen, was Sie m\u00f6chten. Dieser Weg kostet z. Zt. 290 \u20ac und nat\u00fcrlich, wenn Sie in den Niederlanden eine anonyme Beisetzung w\u00fcnschen, dann ist diese in dem Preis enthalten.\u201c<\/p><p>Aber hier geht es um die Natur und die B\u00e4ume, die bei Evertree so angepriesen werden.<\/p><p>Bei <a href=\"https:\/\/baumfrieden.de\">Baumfrieden<\/a> wird die Angelegenheit noch ein bisschen teurer. 1.595\u00a0\u20acuronen kostet es, wenn man den Weg gehen m\u00f6chte um ein B\u00e4umchen \u00fcber die Niederlande nach Hause zu bekommen. Eine Lieferung zu Ihnen nach Hause wird separat mit 250\u00a0\u20ac berechnet.<\/p><p>Dem Ideenreichtum, um mit dem Tod ein gutes Gesch\u00e4ft zu machen, sind keine Grenzen gesetzt.<\/p><p>Jeder Baum, den wir pflanzen, ist eine Hilfe f\u00fcr unsere Welt und unser Klima. Wir propagieren das mal, wie man bei Evertree ein Produkt vermarktet. Ein wundervoller Gedanke, den wir aber auch im eigenen Garten realisieren k\u00f6nnen und zwar sehr einfach:<\/p><figure class=\"wp-block-table\"><table class=\"has-fixed-layout\"><tbody><tr><td><img fetchpriority=\"high\" decoding=\"async\" width=\"500\" height=\"362\" class=\"wp-image-3059\" style=\"width: 500px;\" src=\"https:\/\/grabkarte.de\/staging\/wp-content\/uploads\/2023\/10\/Evertree-PDF.png\" alt=\"\"><\/td><td>Sie gehen zur Baumschule, holen sich den Baum Ihrer W\u00fcnsche, egal ob gro\u00df oder klein und der Preis steht f\u00fcr Sie auch gleich fest. Oder Sie schauen im Internet einmal nach diesem wundervollen Baum. Blauglockenbaum, auch Klimawandelbaum genannt.<br>Dann graben Sie ein entsprechendes Loch f\u00fcr den Baum, geben die Menge der Asche in das Loch und setzen den Baum darauf. So kann der Baum wundervoll wachsen und Sie haben alle Wege zum Friedhof gespart. Und klar doch, Sie tun auch etwas f\u00fcr den Klimawandel!<\/td><\/tr><\/tbody><\/table><\/figure><p><strong>Fazit:<br><\/strong>Wohl dem, der wei\u00df, wie man es g\u00fcnstiger realisieren kann und entsprechend, eine gute und kostenfreie Beratung zum Thema \u201eTotenasche zur freien Verf\u00fcgung\u201c bekommt.<\/p><p>Zus\u00e4tzlich k\u00f6nnen Sie die passenden Bestatter, die f\u00fcr diesen Weg ein offenes Ohr haben, gut und preisg\u00fcnstig arbeiten, auch kostenlos an die Hand bekommen. In der einfachsten Ausf\u00fchrung kommen ca. 2.000 \u20ac insgesamt auf Sie zu!<\/p>","protected":false},"excerpt":{"rendered":"<p>Vor einiger Zeit gab es in \u201eDie H\u00f6hle der L\u00f6wen\u201c ein Geschwisterpaar \u2013 Helena und Andreas Hohnke \u2013 die eine Biourne mit dem Samen eines Baumes vermarkten wollten. Sie fanden im Investor, Nils Glagau, den einzigen, der sich mit 75.000 \u20ac zu 33 %, so war zumindest das Angebot der Geschwister, bereit erkl\u00e4rt hat, sich &hellip; <a href=\"https:\/\/grabkarte.de\/staging\/evertree-co\/\" class=\"more-link\">Continue reading<span class=\"screen-reader-text\"> &#8220;Evertree &#038; Co&#8221;<\/span><\/a><\/p>\n","protected":false},"author":1,"featured_media":0,"parent":0,"menu_order":0,"comment_status":"closed","ping_status":"closed","template":"","meta":{"footnotes":""},"class_list":["post-2986","page","type-page","status-publish","hentry"],"_links":{"self":[{"href":"https:\/\/grabkarte.de\/staging\/wp-json\/wp\/v2\/pages\/2986"}],"collection":[{"href":"https:\/\/grabkarte.de\/staging\/wp-json\/wp\/v2\/pages"}],"about":[{"href":"https:\/\/grabkarte.de\/staging\/wp-json\/wp\/v2\/types\/page"}],"author":[{"embeddable":true,"href":"https:\/\/grabkarte.de\/staging\/wp-json\/wp\/v2\/users\/1"}],"replies":[{"embeddable":true,"href":"https:\/\/grabkarte.de\/staging\/wp-json\/wp\/v2\/comments?post=2986"}],"version-history":[{"count":3,"href":"https:\/\/grabkarte.de\/staging\/wp-json\/wp\/v2\/pages\/2986\/revisions"}],"predecessor-version":[{"id":3060,"href":"https:\/\/grabkarte.de\/staging\/wp-json\/wp\/v2\/pages\/2986\/revisions\/3060"}],"wp:attachment":[{"href":"https:\/\/grabkarte.de\/staging\/wp-json\/wp\/v2\/media?parent=2986"}],"curies":[{"name":"wp","href":"https:\/\/api.w.org\/{rel}","templated":true}]}}